{"id":626,"date":"2017-02-02T14:26:58","date_gmt":"2017-02-02T14:26:58","guid":{"rendered":"http:\/\/test.kriesi.at\/enfold-2017\/?page_id=626"},"modified":"2022-07-19T08:28:34","modified_gmt":"2022-07-19T13:28:34","slug":"quienes-somos","status":"publish","type":"page","link":"https:\/\/fundacesar.org\/index.php\/pages\/quienes-somos\/","title":{"rendered":"Qui\u00e9nes Somos"},"content":{"rendered":"<div id='full_slider_1'  class='avia-fullwidth-slider main_color avia-shadow   avia-builder-el-0  el_before_av_hr  avia-builder-el-first   container_wrap sidebar_right'  ><div  class='avia-slideshow av-l5s7nmn2-78c2632bc241e53c5625b250d2b4ae55 avia-slideshow-featured av_slideshow_full avia-slide-slider av-slideshow-ui av-control-default av-slideshow-manual av-loop-once av-loop-manual-endless av-default-height-applied   avia-slideshow-1' data-slideshow-options=\"{&quot;animation&quot;:&quot;slide&quot;,&quot;autoplay&quot;:false,&quot;loop_autoplay&quot;:&quot;once&quot;,&quot;interval&quot;:5,&quot;loop_manual&quot;:&quot;manual-endless&quot;,&quot;autoplay_stopper&quot;:false,&quot;noNavigation&quot;:false,&quot;bg_slider&quot;:false,&quot;keep_padding&quot;:false,&quot;hoverpause&quot;:false,&quot;show_slide_delay&quot;:0}\"  itemprop=\"image\" itemscope=\"itemscope\" itemtype=\"https:\/\/schema.org\/ImageObject\" ><ul class='avia-slideshow-inner ' style='padding-bottom: 28.666666666667%;'><li  class='avia-slideshow-slide av-l5s7nmn2-78c2632bc241e53c5625b250d2b4ae55__0  av-single-slide slide-1 slide-odd'><div data-rel='slideshow-1' class='avia-slide-wrap '   ><img decoding=\"async\" class=\"wp-image-3269 avia-img-lazy-loading-not-3269\"  src=\"https:\/\/fundacesar.org\/wp-content\/uploads\/2022\/06\/quienessomos-1500x430.gif\" width=\"1500\" height=\"430\" title='quienessomos' alt=''  itemprop=\"thumbnailUrl\"   \/><\/div><\/li><\/ul><\/div><\/div><div id='after_full_slider_1'  class='main_color av_default_container_wrap container_wrap sidebar_right'  ><div class='container av-section-cont-open' ><div class='template-page content  av-content-small alpha units'><div class='post-entry post-entry-type-page post-entry-626'><div class='entry-content-wrapper clearfix'>\n<div  class='hr av-av_hr-7bacd336e8c7b574fdeac16e430feaa5 hr-default  avia-builder-el-1  el_after_av_slideshow_full  el_before_av_section  avia-builder-el-no-sibling '><span class='hr-inner '><span class=\"hr-inner-style\"><\/span><\/span><\/div>\n<\/div><\/div><\/div><!-- close content main div --><\/div><\/div><div id='av_section_1'  class='avia-section av-l3x7svwh-0c185cc71cea7c897bf4eb0726e1da6f main_color avia-section-no-padding avia-no-border-styling  avia-builder-el-2  el_after_av_hr  el_before_av_hr  avia-bg-style-scroll container_wrap sidebar_right'  ><div class='container av-section-cont-open' ><div class='template-page content  av-content-small alpha units'><div class='post-entry post-entry-type-page post-entry-626'><div class='entry-content-wrapper clearfix'>\n\n<style type=\"text\/css\" data-created_by=\"avia_inline_auto\" id=\"style-css-av-l3x89281-99057152a361b5d1a9ef71535ab6d1b1\">\n.flex_column.av-l3x89281-99057152a361b5d1a9ef71535ab6d1b1{\n-webkit-border-radius:0px 0px 0px 0px;\n-moz-border-radius:0px 0px 0px 0px;\nborder-radius:0px 0px 0px 0px;\npadding:0px 0px 0px 0px;\n}\n<\/style>\n<div class='flex_column av-l3x89281-99057152a361b5d1a9ef71535ab6d1b1 av_one_half  avia-builder-el-3  el_before_av_one_half  avia-builder-el-first  first flex_column_div av-zero-column-padding '     ><style type=\"text\/css\" data-created_by=\"avia_inline_auto\" id=\"style-css-av-l3x7wbtx-b7ea8731ff18af4db4aa414b2cb42a76\">\n.avia-image-container.av-l3x7wbtx-b7ea8731ff18af4db4aa414b2cb42a76 img.avia_image{\nbox-shadow:none;\n}\n.avia-image-container.av-l3x7wbtx-b7ea8731ff18af4db4aa414b2cb42a76 .av-image-caption-overlay-center{\ncolor:#ffffff;\n}\n<\/style>\n<div  class='avia-image-container av-l3x7wbtx-b7ea8731ff18af4db4aa414b2cb42a76 av-styling- avia-align-center  avia-builder-el-4  avia-builder-el-no-sibling '   itemprop=\"image\" itemscope=\"itemscope\" itemtype=\"https:\/\/schema.org\/ImageObject\" ><div class=\"avia-image-container-inner\"><div class=\"avia-image-overlay-wrap\"><img decoding=\"async\" class='wp-image-3148 avia-img-lazy-loading-not-3148 avia_image ' src=\"https:\/\/fundacesar.org\/wp-content\/uploads\/2022\/04\/quienessomos.png\" alt='' title='quienessomos'  height=\"626\" width=\"1126\"  itemprop=\"thumbnailUrl\" srcset=\"https:\/\/fundacesar.org\/wp-content\/uploads\/2022\/04\/quienessomos.png 1126w, https:\/\/fundacesar.org\/wp-content\/uploads\/2022\/04\/quienessomos-300x167.png 300w, https:\/\/fundacesar.org\/wp-content\/uploads\/2022\/04\/quienessomos-1030x573.png 1030w, https:\/\/fundacesar.org\/wp-content\/uploads\/2022\/04\/quienessomos-768x427.png 768w, https:\/\/fundacesar.org\/wp-content\/uploads\/2022\/04\/quienessomos-705x392.png 705w\" sizes=\"(max-width: 1126px) 100vw, 1126px\" \/><\/div><\/div><\/div><\/div>\n<style type=\"text\/css\" data-created_by=\"avia_inline_auto\" id=\"style-css-av-l3x899hv-f5c550afb8c0df8ac931d29a987589da\">\n.flex_column.av-l3x899hv-f5c550afb8c0df8ac931d29a987589da{\n-webkit-border-radius:0px 0px 0px 0px;\n-moz-border-radius:0px 0px 0px 0px;\nborder-radius:0px 0px 0px 0px;\npadding:0px 0px 0px 0px;\n}\n<\/style>\n<div class='flex_column av-l3x899hv-f5c550afb8c0df8ac931d29a987589da av_one_half  avia-builder-el-5  el_after_av_one_half  avia-builder-el-last  flex_column_div av-zero-column-padding '     ><section  class='av_textblock_section av-l3x7vv75-3693bf10e6c72215e8b6da79d6c4ed78'  itemscope=\"itemscope\" itemtype=\"https:\/\/schema.org\/CreativeWork\" ><div class='avia_textblock'  itemprop=\"text\" ><p>Somos una ONG colombiana donde ejecutamos proyectos en tecnolog\u00edas de la informaci\u00f3n y las comunicaciones (TIC), proyectos con sentido social y gesti\u00f3n ambiental, al igual que el mejoramiento y mantenimiento de obras civiles; desarrollamos procesos de formaci\u00f3n, acompa\u00f1amiento en temas de educaci\u00f3n y formaci\u00f3n dirigida al sector p\u00fablico y privado.<\/p>\n<p>Somos lideres en la formaci\u00f3n integral y la proyecci\u00f3n social buscando el desarrollo sostenible de la poblaci\u00f3n rural y urbana, facilitando la ejecuci\u00f3n de proyectos socio\u2013econ\u00f3micos que promuevan el desarrollo integral cumpliendo con las necesidades, el avance de los municipios, departamentos y del pa\u00eds.<\/p>\n<\/div><\/section><\/div>\n<\/div><\/div><\/div><!-- close content main div --><\/div><\/div><div id='after_section_1'  class='main_color av_default_container_wrap container_wrap sidebar_right'  ><div class='container av-section-cont-open' ><div class='template-page content  av-content-small alpha units'><div class='post-entry post-entry-type-page post-entry-626'><div class='entry-content-wrapper clearfix'>\n<div  class='hr av-l3x847zo-8525a612058f83c004b96fde0ae72301 hr-short  avia-builder-el-7  el_after_av_section  el_before_av_section  avia-builder-el-no-sibling  hr-center'><span class='hr-inner '><span class=\"hr-inner-style\"><\/span><\/span><\/div>\n<\/div><\/div><\/div><!-- close content main div --><\/div><\/div><div id='av_section_2'  class='avia-section av-l3x7svwh-34200d58321553009470d7a0b62eb274 main_color avia-section-default avia-no-border-styling  avia-builder-el-8  el_after_av_hr  avia-builder-el-last  avia-bg-style-scroll container_wrap sidebar_right'  ><div class='container av-section-cont-open' ><div class='template-page content  av-content-small alpha units'><div class='post-entry post-entry-type-page post-entry-626'><div class='entry-content-wrapper clearfix'>\n\n<style type=\"text\/css\" data-created_by=\"avia_inline_auto\" id=\"style-css-av-l3x89i09-934eec8a34c35d8e17356d111cb7e166\">\n.flex_column.av-l3x89i09-934eec8a34c35d8e17356d111cb7e166{\n-webkit-border-radius:0px 0px 0px 0px;\n-moz-border-radius:0px 0px 0px 0px;\nborder-radius:0px 0px 0px 0px;\npadding:0px 0px 0px 0px;\n}\n<\/style>\n<div class='flex_column av-l3x89i09-934eec8a34c35d8e17356d111cb7e166 av_one_half  avia-builder-el-9  el_before_av_one_half  avia-builder-el-first  first flex_column_div av-zero-column-padding '     ><p>\n<style type=\"text\/css\" data-created_by=\"avia_inline_auto\" id=\"style-css-av-l3x7wbtx-30108d59b110a93f8007389551d1db49\">\n.avia-image-container.av-l3x7wbtx-30108d59b110a93f8007389551d1db49 img.avia_image{\nbox-shadow:none;\n}\n.avia-image-container.av-l3x7wbtx-30108d59b110a93f8007389551d1db49 .av-image-caption-overlay-center{\ncolor:#ffffff;\n}\n<\/style>\n<div  class='avia-image-container av-l3x7wbtx-30108d59b110a93f8007389551d1db49 av-styling- avia-align-center  avia-builder-el-10  el_before_av_textblock  avia-builder-el-first '   itemprop=\"image\" itemscope=\"itemscope\" itemtype=\"https:\/\/schema.org\/ImageObject\" ><div class=\"avia-image-container-inner\"><div class=\"avia-image-overlay-wrap\"><img decoding=\"async\" class='wp-image-3156 avia-img-lazy-loading-not-3156 avia_image ' src=\"https:\/\/fundacesar.org\/wp-content\/uploads\/2022\/04\/mision.png\" alt='' title='mision'  height=\"626\" width=\"1126\"  itemprop=\"thumbnailUrl\" srcset=\"https:\/\/fundacesar.org\/wp-content\/uploads\/2022\/04\/mision.png 1126w, https:\/\/fundacesar.org\/wp-content\/uploads\/2022\/04\/mision-300x167.png 300w, https:\/\/fundacesar.org\/wp-content\/uploads\/2022\/04\/mision-1030x573.png 1030w, https:\/\/fundacesar.org\/wp-content\/uploads\/2022\/04\/mision-768x427.png 768w, https:\/\/fundacesar.org\/wp-content\/uploads\/2022\/04\/mision-705x392.png 705w\" sizes=\"(max-width: 1126px) 100vw, 1126px\" \/><\/div><\/div><\/div><br \/>\n<section  class='av_textblock_section av-l3x7vv75-3693bf10e6c72215e8b6da79d6c4ed78'  itemscope=\"itemscope\" itemtype=\"https:\/\/schema.org\/CreativeWork\" ><div class='avia_textblock'  itemprop=\"text\" ><p>Dise\u00f1ar y ejecutar planes, programas y actividades de car\u00e1cter tecnol\u00f3gico, social, ambiental y desarrollo infraestructural, en concertaci\u00f3n con el sector p\u00fablico y privado en busca del bien com\u00fan, con el fin de apoyar a las diferentes comunidades de la sociedad vi\u00e9ndose reflejado en el desarrollo tecnol\u00f3gico, social y econ\u00f3mico.<\/p>\n<\/div><\/section><\/p><\/div>\n<style type=\"text\/css\" data-created_by=\"avia_inline_auto\" id=\"style-css-av-l3x89z8a-a1d2688da2bff660af840ed0067ebfc2\">\n.flex_column.av-l3x89z8a-a1d2688da2bff660af840ed0067ebfc2{\n-webkit-border-radius:0px 0px 0px 0px;\n-moz-border-radius:0px 0px 0px 0px;\nborder-radius:0px 0px 0px 0px;\npadding:0px 0px 0px 0px;\n}\n<\/style>\n<div class='flex_column av-l3x89z8a-a1d2688da2bff660af840ed0067ebfc2 av_one_half  avia-builder-el-12  el_after_av_one_half  el_before_av_hr  flex_column_div av-zero-column-padding '     ><p>\n<style type=\"text\/css\" data-created_by=\"avia_inline_auto\" id=\"style-css-av-l3x7wbtx-8c4c9f567eab3877c7385556349fca29\">\n.avia-image-container.av-l3x7wbtx-8c4c9f567eab3877c7385556349fca29 img.avia_image{\nbox-shadow:none;\n}\n.avia-image-container.av-l3x7wbtx-8c4c9f567eab3877c7385556349fca29 .av-image-caption-overlay-center{\ncolor:#ffffff;\n}\n<\/style>\n<div  class='avia-image-container av-l3x7wbtx-8c4c9f567eab3877c7385556349fca29 av-styling- avia-align-center  avia-builder-el-13  el_before_av_textblock  avia-builder-el-first '   itemprop=\"image\" itemscope=\"itemscope\" itemtype=\"https:\/\/schema.org\/ImageObject\" ><div class=\"avia-image-container-inner\"><div class=\"avia-image-overlay-wrap\"><img decoding=\"async\" class='wp-image-3155 avia-img-lazy-loading-not-3155 avia_image ' src=\"https:\/\/fundacesar.org\/wp-content\/uploads\/2022\/04\/vision.png\" alt='' title='vision'  height=\"626\" width=\"1126\"  itemprop=\"thumbnailUrl\" srcset=\"https:\/\/fundacesar.org\/wp-content\/uploads\/2022\/04\/vision.png 1126w, https:\/\/fundacesar.org\/wp-content\/uploads\/2022\/04\/vision-300x167.png 300w, https:\/\/fundacesar.org\/wp-content\/uploads\/2022\/04\/vision-1030x573.png 1030w, https:\/\/fundacesar.org\/wp-content\/uploads\/2022\/04\/vision-768x427.png 768w, https:\/\/fundacesar.org\/wp-content\/uploads\/2022\/04\/vision-705x392.png 705w\" sizes=\"(max-width: 1126px) 100vw, 1126px\" \/><\/div><\/div><\/div><br \/>\n<section  class='av_textblock_section av-l3x7vv75-3693bf10e6c72215e8b6da79d6c4ed78'  itemscope=\"itemscope\" itemtype=\"https:\/\/schema.org\/CreativeWork\" ><div class='avia_textblock'  itemprop=\"text\" ><p>Ser reconocidos como una ONG Vallecaucana que se preocupa por el desarrollo tecnol\u00f3gico, econ\u00f3mico y social, que por medio de la ejecuci\u00f3n y planificaci\u00f3n de proyectos busca el bienestar com\u00fan; se pretende abarcar cada vez m\u00e1s sectores a nivel nacional impactando los diferentes actores que conforman la sociedad.<\/p>\n<\/div><\/section><\/p><\/div><div  class='hr av-l3x847zo-8525a612058f83c004b96fde0ae72301 hr-short  avia-builder-el-15  el_after_av_one_half  el_before_av_one_half  hr-center'><span class='hr-inner '><span class=\"hr-inner-style\"><\/span><\/span><\/div>\n\n<style type=\"text\/css\" data-created_by=\"avia_inline_auto\" id=\"style-css-av-l3x89281-99057152a361b5d1a9ef71535ab6d1b1\">\n.flex_column.av-l3x89281-99057152a361b5d1a9ef71535ab6d1b1{\n-webkit-border-radius:0px 0px 0px 0px;\n-moz-border-radius:0px 0px 0px 0px;\nborder-radius:0px 0px 0px 0px;\npadding:0px 0px 0px 0px;\n}\n<\/style>\n<div class='flex_column av-l3x89281-99057152a361b5d1a9ef71535ab6d1b1 av_one_half  avia-builder-el-16  el_after_av_hr  el_before_av_one_half  first flex_column_div av-zero-column-padding '     ><p>\n<style type=\"text\/css\" data-created_by=\"avia_inline_auto\" id=\"style-css-av-l3x8pmtl-f64dcc738acf3f9f4b5a25c22e45fb09\">\n#top .hr.hr-invisible.av-l3x8pmtl-f64dcc738acf3f9f4b5a25c22e45fb09{\nheight:50px;\n}\n<\/style>\n<div  class='hr av-l3x8pmtl-f64dcc738acf3f9f4b5a25c22e45fb09 hr-invisible  avia-builder-el-17  el_before_av_image  avia-builder-el-first '><span class='hr-inner '><span class=\"hr-inner-style\"><\/span><\/span><\/div><br \/>\n\n<style type=\"text\/css\" data-created_by=\"avia_inline_auto\" id=\"style-css-av-l3x7wbtx-7f3ebe31a8823b867113e4d83abcba05\">\n.avia-image-container.av-l3x7wbtx-7f3ebe31a8823b867113e4d83abcba05 img.avia_image{\nbox-shadow:none;\n}\n.avia-image-container.av-l3x7wbtx-7f3ebe31a8823b867113e4d83abcba05 .av-image-caption-overlay-center{\ncolor:#ffffff;\n}\n<\/style>\n<div  class='avia-image-container av-l3x7wbtx-7f3ebe31a8823b867113e4d83abcba05 av-styling- avia-align-center  avia-builder-el-18  el_after_av_hr  avia-builder-el-last '   itemprop=\"image\" itemscope=\"itemscope\" itemtype=\"https:\/\/schema.org\/ImageObject\" ><div class=\"avia-image-container-inner\"><div class=\"avia-image-overlay-wrap\"><img decoding=\"async\" class='wp-image-3164 avia-img-lazy-loading-not-3164 avia_image ' src=\"https:\/\/fundacesar.org\/wp-content\/uploads\/2022\/04\/valores.png\" alt='' title='valores'  height=\"1126\" width=\"1180\"  itemprop=\"thumbnailUrl\" srcset=\"https:\/\/fundacesar.org\/wp-content\/uploads\/2022\/04\/valores.png 1180w, https:\/\/fundacesar.org\/wp-content\/uploads\/2022\/04\/valores-300x286.png 300w, https:\/\/fundacesar.org\/wp-content\/uploads\/2022\/04\/valores-1030x983.png 1030w, https:\/\/fundacesar.org\/wp-content\/uploads\/2022\/04\/valores-768x733.png 768w, https:\/\/fundacesar.org\/wp-content\/uploads\/2022\/04\/valores-705x673.png 705w\" sizes=\"(max-width: 1180px) 100vw, 1180px\" \/><\/div><\/div><\/div><\/p><\/div>\n<style type=\"text\/css\" data-created_by=\"avia_inline_auto\" id=\"style-css-av-l3x899hv-f5c550afb8c0df8ac931d29a987589da\">\n.flex_column.av-l3x899hv-f5c550afb8c0df8ac931d29a987589da{\n-webkit-border-radius:0px 0px 0px 0px;\n-moz-border-radius:0px 0px 0px 0px;\nborder-radius:0px 0px 0px 0px;\npadding:0px 0px 0px 0px;\n}\n<\/style>\n<div class='flex_column av-l3x899hv-f5c550afb8c0df8ac931d29a987589da av_one_half  avia-builder-el-19  el_after_av_one_half  avia-builder-el-last  flex_column_div av-zero-column-padding '     ><section  class='av_textblock_section av-l3x7vv75-3693bf10e6c72215e8b6da79d6c4ed78'  itemscope=\"itemscope\" itemtype=\"https:\/\/schema.org\/CreativeWork\" ><div class='avia_textblock'  itemprop=\"text\" ><ul>\n<li>\n<div><strong>Igualdad:<\/strong>\u00a0Justicia social y no discriminaci\u00f3n para la construcci\u00f3n de una sociedad en la que todas las personas tengan su espacio social.<\/div>\n<\/li>\n<\/ul>\n<div>\n<ul>\n<li><strong>Pluralidad:<\/strong>\u00a0Reconocimiento de la diversidad en el seno de la organizaci\u00f3n, que garantiza su representatividad a trav\u00e9s del intercambio mutuo, la democracia interna, la participaci\u00f3n y el voluntariado.<\/li>\n<\/ul>\n<ul>\n<li><strong>Compromiso:<\/strong>\u00a0Con la transformaci\u00f3n social, la orientaci\u00f3n a las personas, la reivindicaci\u00f3n, la defensa de los derechos y la adaptaci\u00f3n al cambio para satisfacer las necesidades y expectativas de los destinatarios de la acci\u00f3n.<\/li>\n<\/ul>\n<ul>\n<li><strong>Solidaridad:<\/strong>\u00a0Responsabilidad compartida entre las organizaciones con los colectivos y personas m\u00e1s desfavorecidos.<\/li>\n<\/ul>\n<ul>\n<li><strong>Transparencia:<\/strong>\u00a0Rendici\u00f3n de cuentas y garant\u00eda de acceso a la informaci\u00f3n a las organizaciones miembro, a las administraciones p\u00fablicas y a la sociedad.<\/li>\n<\/ul>\n<ul>\n<li><strong>Coherencia:<\/strong>\u00a0Entre los acuerdos adoptados y la capacidad de su cumplimiento de manera honesta y responsable.<\/li>\n<\/ul>\n<\/div>\n<ul>\n<li>\n<div><strong>Responsabilidad<\/strong>: cumplir con funciones, tareas y encargos con eficiencia y oportunidad, superando las expectativas de nuestros clientes, compa\u00f1eros de trabajo y orient\u00e1ndose a resultados.<\/div>\n<\/li>\n<\/ul>\n<\/div><\/section><\/div>\n<\/div><\/div><\/div><!-- close content main div --><\/div><\/div><div id='after_section_2'  class='main_color av_default_container_wrap container_wrap sidebar_right'  ><div class='container av-section-cont-open' ><div class='template-page content  av-content-small alpha units'><div class='post-entry post-entry-type-page post-entry-626'><div class='entry-content-wrapper clearfix'>\n","protected":false},"excerpt":{"rendered":"","protected":false},"author":1,"featured_media":0,"parent":603,"menu_order":0,"comment_status":"closed","ping_status":"closed","template":"","meta":{"_joinchat":[],"footnotes":""},"class_list":["post-626","page","type-page","status-publish","hentry"],"_links":{"self":[{"href":"https:\/\/fundacesar.org\/index.php\/wp-json\/wp\/v2\/pages\/626","targetHints":{"allow":["GET"]}}],"collection":[{"href":"https:\/\/fundacesar.org\/index.php\/wp-json\/wp\/v2\/pages"}],"about":[{"href":"https:\/\/fundacesar.org\/index.php\/wp-json\/wp\/v2\/types\/page"}],"author":[{"embeddable":true,"href":"https:\/\/fundacesar.org\/index.php\/wp-json\/wp\/v2\/users\/1"}],"replies":[{"embeddable":true,"href":"https:\/\/fundacesar.org\/index.php\/wp-json\/wp\/v2\/comments?post=626"}],"version-history":[{"count":0,"href":"https:\/\/fundacesar.org\/index.php\/wp-json\/wp\/v2\/pages\/626\/revisions"}],"up":[{"embeddable":true,"href":"https:\/\/fundacesar.org\/index.php\/wp-json\/wp\/v2\/pages\/603"}],"wp:attachment":[{"href":"https:\/\/fundacesar.org\/index.php\/wp-json\/wp\/v2\/media?parent=626"}],"curies":[{"name":"wp","href":"https:\/\/api.w.org\/{rel}","templated":true}]}}