{"id":632,"date":"2017-02-02T14:27:30","date_gmt":"2017-02-02T14:27:30","guid":{"rendered":"http:\/\/test.kriesi.at\/enfold-2017\/?page_id=632"},"modified":"2022-07-23T11:39:37","modified_gmt":"2022-07-23T16:39:37","slug":"contacto","status":"publish","type":"page","link":"https:\/\/fundacesar.org\/index.php\/pages\/contacto\/","title":{"rendered":"Contacto"},"content":{"rendered":"<div id='full_slider_1'  class='avia-fullwidth-slider main_color avia-shadow   avia-builder-el-0  el_before_av_image  avia-builder-el-first   container_wrap sidebar_right'  ><div  class='avia-slideshow av-l5s7d9w5-a0e5e4e266ebd77d5bc4fca899886ed7 avia-slideshow-featured av_slideshow_full avia-slide-slider av-slideshow-ui av-control-default av-slideshow-manual av-loop-once av-loop-manual-endless av-default-height-applied   avia-slideshow-1' data-slideshow-options=\"{&quot;animation&quot;:&quot;slide&quot;,&quot;autoplay&quot;:false,&quot;loop_autoplay&quot;:&quot;once&quot;,&quot;interval&quot;:5,&quot;loop_manual&quot;:&quot;manual-endless&quot;,&quot;autoplay_stopper&quot;:false,&quot;noNavigation&quot;:false,&quot;bg_slider&quot;:false,&quot;keep_padding&quot;:false,&quot;hoverpause&quot;:false,&quot;show_slide_delay&quot;:0}\"  itemprop=\"image\" itemscope=\"itemscope\" itemtype=\"https:\/\/schema.org\/ImageObject\" ><ul class='avia-slideshow-inner ' style='padding-bottom: 28.666666666667%;'><li  class='avia-slideshow-slide av-l5s7d9w5-a0e5e4e266ebd77d5bc4fca899886ed7__0  av-single-slide slide-1 slide-odd'><div data-rel='slideshow-1' class='avia-slide-wrap '   ><img decoding=\"async\" class=\"wp-image-3291 avia-img-lazy-loading-not-3291\"  src=\"https:\/\/fundacesar.org\/wp-content\/uploads\/2022\/06\/contactenos-1500x430.gif\" width=\"1500\" height=\"430\" title='contactenos' alt=''  itemprop=\"thumbnailUrl\"   \/><\/div><\/li><\/ul><\/div><\/div><div id='after_full_slider_1'  class='main_color av_default_container_wrap container_wrap sidebar_right'  ><div class='container av-section-cont-open' ><div class='template-page content  av-content-small alpha units'><div class='post-entry post-entry-type-page post-entry-632'><div class='entry-content-wrapper clearfix'>\n\n\n<\/div><\/div><\/div><!-- close content main div --><\/div><\/div>\n<style type=\"text\/css\" data-created_by=\"avia_inline_auto\" id=\"style-css-av-35qpfs-1fc310caea06d417edfd056b1669d7c8\">\n.avia-section.av-35qpfs-1fc310caea06d417edfd056b1669d7c8 .av-extra-border-element .av-extra-border-inner{\nbackground-color:#f9f9f9;\n}\n<\/style>\n<div id='av_section_1'  class='avia-section av-35qpfs-1fc310caea06d417edfd056b1669d7c8 main_color avia-section-large avia-no-border-styling  avia-builder-el-3  el_after_av_codeblock  el_before_av_section  avia-bg-style-scroll av-arrow-down-section container_wrap sidebar_right'  ><div class='container av-section-cont-open' ><div class='template-page content  av-content-small alpha units'><div class='post-entry post-entry-type-page post-entry-632'><div class='entry-content-wrapper clearfix'>\n\n<style type=\"text\/css\" data-created_by=\"avia_inline_auto\" id=\"style-css-av-av_heading-acd77f4b8939a5120e7794fd005cd2dd\">\n#top .av-special-heading.av-av_heading-acd77f4b8939a5120e7794fd005cd2dd{\npadding-bottom:20px;\nfont-size:40px;\n}\nbody .av-special-heading.av-av_heading-acd77f4b8939a5120e7794fd005cd2dd .av-special-heading-tag .heading-char{\nfont-size:25px;\n}\n#top #wrap_all .av-special-heading.av-av_heading-acd77f4b8939a5120e7794fd005cd2dd .av-special-heading-tag{\nfont-size:40px;\n}\n.av-special-heading.av-av_heading-acd77f4b8939a5120e7794fd005cd2dd .av-subheading{\nfont-size:15px;\n}\n\n@media only screen and (min-width: 480px) and (max-width: 767px){ \n#top #wrap_all .av-special-heading.av-av_heading-acd77f4b8939a5120e7794fd005cd2dd .av-special-heading-tag{\nfont-size:0.8em;\n}\n}\n\n@media only screen and (max-width: 479px){ \n#top #wrap_all .av-special-heading.av-av_heading-acd77f4b8939a5120e7794fd005cd2dd .av-special-heading-tag{\nfont-size:0.8em;\n}\n}\n<\/style>\n<div  class='av-special-heading av-av_heading-acd77f4b8939a5120e7794fd005cd2dd av-special-heading-h2 blockquote modern-quote  avia-builder-el-4  el_before_av_one_half  avia-builder-el-first  av-inherit-size'><h2 class='av-special-heading-tag'  itemprop=\"headline\"  >Envi\u00e9 su mensaje.<\/h2><div class=\"special-heading-border\"><div class=\"special-heading-inner-border\"><\/div><\/div><\/div>\n\n<style type=\"text\/css\" data-created_by=\"avia_inline_auto\" id=\"style-css-av-2y42v4-a2a1214e5154b643fb025cbaf7c5aed0\">\n.flex_column.av-2y42v4-a2a1214e5154b643fb025cbaf7c5aed0{\n-webkit-border-radius:0px 0px 0px 0px;\n-moz-border-radius:0px 0px 0px 0px;\nborder-radius:0px 0px 0px 0px;\npadding:0px 0px 0px 0px;\n}\n<\/style>\n<div class='flex_column av-2y42v4-a2a1214e5154b643fb025cbaf7c5aed0 av_one_half  avia-builder-el-5  el_after_av_heading  el_before_av_one_half  first flex_column_div av-zero-column-padding '     ><form action=\"https:\/\/fundacesar.org\/index.php\/pages\/contacto\/\" method=\"post\"  class=\"avia_ajax_form av-form-labels-hidden   avia-builder-el-6  avia-builder-el-no-sibling   \" data-avia-form-id=\"1\" data-avia-redirect='' ><fieldset><p class='  first_form  form_element form_element_half' id='element_avia_1_1'><label for=\"avia_1_1\">Nombre <abbr class=\"required\" title=\"required\">*<\/abbr><\/label> <input name=\"avia_1_1\" class=\"text_input is_empty\" type=\"text\" id=\"avia_1_1\" value=\"\"  placeholder='Nombre*'\/><\/p><p class='  form_element form_element_half' id='element_avia_2_1'><label for=\"avia_2_1\">Correo <abbr class=\"required\" title=\"required\">*<\/abbr><\/label> <input name=\"avia_2_1\" class=\"text_input is_email\" type=\"text\" id=\"avia_2_1\" value=\"\"  placeholder='Correo*'\/><\/p><p class='  first_form  form_element form_fullwidth' id='element_avia_3_1'><label for=\"avia_3_1\">Asunto <abbr class=\"required\" title=\"required\">*<\/abbr><\/label> <input name=\"avia_3_1\" class=\"text_input is_empty\" type=\"text\" id=\"avia_3_1\" value=\"\"  placeholder='Asunto*'\/><\/p><p class='  first_form  form_element form_fullwidth' id='element_avia_4_1'><label for=\"avia_4_1\" class=\"textare_label hidden textare_label_avia_4_1\">Mensaje <abbr class=\"required\" title=\"required\">*<\/abbr><\/label><textarea  placeholder='Mensaje*' name=\"avia_4_1\" class=\"text_area is_empty\" cols=\"40\" rows=\"7\" id=\"avia_4_1\" ><\/textarea><\/p><p class=\"hidden\"><input type=\"text\" name=\"avia_5_1\" class=\"hidden \" id=\"avia_5_1\" value=\"\" \/><\/p><p class='   form_element form_fullwidth' id='element_avia_6_1'><span class='value_verifier_label'>7 + 1 = ?<\/span><input name=\"avia_6_1_verifier\" type=\"hidden\" id=\"avia_6_1_verifier\" value=\"775437568\"\/><label for=\"avia_6_1\">Please prove that you are human by solving the equation <abbr class=\"required\" title=\"required\">*<\/abbr><\/label><input name=\"avia_6_1\" class=\"text_input captcha\" type=\"text\" id=\"avia_6_1\" value=\"\"\/><\/p><p class=\"form_element \"><input type=\"hidden\" value=\"1\" name=\"avia_generated_form1\" \/><input type=\"submit\" value=\"Submit\" class=\"button\"  data-sending-label=\"Sending\"\/><\/p><\/fieldset><\/form><div id=\"ajaxresponse_1\" class=\"ajaxresponse ajaxresponse_1 hidden\"><\/div><\/div>\n<style type=\"text\/css\" data-created_by=\"avia_inline_auto\" id=\"style-css-av-1xvupc-817053419f7c96c9962114bc540288a4\">\n.flex_column.av-1xvupc-817053419f7c96c9962114bc540288a4{\n-webkit-border-radius:0px 0px 0px 0px;\n-moz-border-radius:0px 0px 0px 0px;\nborder-radius:0px 0px 0px 0px;\npadding:0px 0px 0px 0px;\n}\n<\/style>\n<div class='flex_column av-1xvupc-817053419f7c96c9962114bc540288a4 av_one_half  avia-builder-el-7  el_after_av_one_half  avia-builder-el-last  flex_column_div av-zero-column-padding '     ><section  class='av_textblock_section av-65dmg-8b638bae7155d59f0a3e77f845a58587'  itemscope=\"itemscope\" itemtype=\"https:\/\/schema.org\/CreativeWork\" ><div class='avia_textblock'  itemprop=\"text\" ><p>De acuerdo a la<strong> Ley 1581 del 2012<\/strong> protecci\u00f3n de datos personales sobre el uso de informaci\u00f3n personal, acepta que <strong>fundacesar.org.co<\/strong> use la informaci\u00f3n aqu\u00ed entregada para poder atender las solicitudes planteadas, informar sobre sus servicios, as\u00ed como para realizar encuestas de satisfacci\u00f3n. <strong>fundacesar.org.co<\/strong> no vender\u00e1, alquilar\u00e1, ni ceder\u00e1 la informaci\u00f3n suministrada a terceros. Ver Pol\u00edtica de Tratamiento de Datos<\/p>\n<h4>Oficina<\/h4>\n<p>Carrera 82 # 5-69, Piso 1, Mayapan \u2013 Las vegas.<br \/>\nSantiago de Cali, Valle del Cauca, Colombia<\/p>\n<h4>Tel\u00e9fonos<\/h4>\n<p>+57 602 406 39 82<br \/>\n+57\u00a0310 878 33 34<\/p>\n<h4><\/h4>\n<\/div><\/section><\/div><\/div><\/div><\/div><!-- close content main div --><\/div><div class='av-extra-border-element border-extra-arrow-down'><div class='av-extra-border-outer'><div class='av-extra-border-inner'><\/div><\/div><\/div><\/div>\n<style type=\"text\/css\" data-created_by=\"avia_inline_auto\" id=\"style-css-av-1m5lbc-8848a4dda15b1c09385a2f7441354b2d\">\n.avia-section.av-1m5lbc-8848a4dda15b1c09385a2f7441354b2d{\nbackground-repeat:no-repeat;\nbackground-image:url(https:\/\/fundacesar.org\/wp-content\/uploads\/2015\/07\/business-office-work.jpg);\nbackground-position:50% 50%;\nbackground-attachment:fixed;\n}\n.avia-section.av-1m5lbc-8848a4dda15b1c09385a2f7441354b2d .av-section-color-overlay{\nopacity:0.9;\nbackground-color:#35383c;\n}\n<\/style>\n<div id='newsletter'  class='avia-section av-1m5lbc-8848a4dda15b1c09385a2f7441354b2d main_color avia-section-huge avia-no-border-styling  avia-builder-el-9  el_after_av_section  avia-builder-el-last  av-desktop-hide av-medium-hide av-small-hide av-mini-hide avia-full-stretch avia-bg-style-fixed av-section-color-overlay-active container_wrap sidebar_right'  data-section-bg-repeat='stretch'><div class=\"av-section-color-overlay-wrap\"><div class=\"av-section-color-overlay\"><\/div><div class='container av-section-cont-open' ><div class='template-page content  av-content-small alpha units'><div class='post-entry post-entry-type-page post-entry-632'><div class='entry-content-wrapper clearfix'>\n\n<style type=\"text\/css\" data-created_by=\"avia_inline_auto\" id=\"style-css-av-1dnpqo-675ad665e41a52024138b8881cb4ffa7\">\n#top .av-special-heading.av-1dnpqo-675ad665e41a52024138b8881cb4ffa7{\npadding-bottom:20px;\ncolor:#ffffff;\nfont-size:40px;\n}\nbody .av-special-heading.av-1dnpqo-675ad665e41a52024138b8881cb4ffa7 .av-special-heading-tag .heading-char{\nfont-size:25px;\n}\n#top #wrap_all .av-special-heading.av-1dnpqo-675ad665e41a52024138b8881cb4ffa7 .av-special-heading-tag{\nfont-size:40px;\n}\n.av-special-heading.av-1dnpqo-675ad665e41a52024138b8881cb4ffa7 .special-heading-inner-border{\nborder-color:#ffffff;\n}\n.av-special-heading.av-1dnpqo-675ad665e41a52024138b8881cb4ffa7 .av-subheading{\nfont-size:15px;\n}\n\n@media only screen and (min-width: 480px) and (max-width: 767px){ \n#top #wrap_all .av-special-heading.av-1dnpqo-675ad665e41a52024138b8881cb4ffa7 .av-special-heading-tag{\nfont-size:0.8em;\n}\n}\n\n@media only screen and (max-width: 479px){ \n#top #wrap_all .av-special-heading.av-1dnpqo-675ad665e41a52024138b8881cb4ffa7 .av-special-heading-tag{\nfont-size:0.8em;\n}\n}\n<\/style>\n<div  class='av-special-heading av-1dnpqo-675ad665e41a52024138b8881cb4ffa7 av-special-heading-h1 custom-color-heading blockquote modern-quote modern-centered  avia-builder-el-10  el_before_av_one_fifth  avia-builder-el-first  av-inherit-size'><h1 class='av-special-heading-tag'  itemprop=\"headline\"  >Want to stay in the loop?<br \/>Sign Up to our Newsletter<\/h1><div class=\"special-heading-border\"><div class=\"special-heading-inner-border\"><\/div><\/div><\/div>\n\n<style type=\"text\/css\" data-created_by=\"avia_inline_auto\" id=\"style-css-av-197aa0-dbed7ed9e5996d070cc099727f7f418c\">\n.flex_column.av-197aa0-dbed7ed9e5996d070cc099727f7f418c{\n-webkit-border-radius:0px 0px 0px 0px;\n-moz-border-radius:0px 0px 0px 0px;\nborder-radius:0px 0px 0px 0px;\npadding:0px 0px 0px 0px;\n}\n<\/style>\n<div class='flex_column av-197aa0-dbed7ed9e5996d070cc099727f7f418c av_one_fifth  avia-builder-el-11  el_after_av_heading  el_before_av_three_fifth  first flex_column_div av-animated-generic fade-in av-zero-column-padding '     ><\/div>\n<style type=\"text\/css\" data-created_by=\"avia_inline_auto\" id=\"style-css-av-143eog-01cac3cb96b8fb44613725fbc07991db\">\n.flex_column.av-143eog-01cac3cb96b8fb44613725fbc07991db{\n-webkit-border-radius:0px 0px 0px 0px;\n-moz-border-radius:0px 0px 0px 0px;\nborder-radius:0px 0px 0px 0px;\npadding:0px 0px 0px 0px;\n}\n<\/style>\n<div class='flex_column av-143eog-01cac3cb96b8fb44613725fbc07991db av_three_fifth  avia-builder-el-12  el_after_av_one_fifth  el_before_av_one_fifth  flex_column_div av-animated-generic fade-in av-zero-column-padding '     ><p><form action=\"https:\/\/fundacesar.org\/index.php\/pages\/contacto\/\" method=\"post\"  class=\"avia_ajax_form av-form-labels-hidden   avia-builder-el-13  el_before_av_textblock  avia-builder-el-first  av-custom-form-color av-light-form \" data-avia-form-id=\"2\" data-avia-redirect='' ><fieldset><p class='  first_form  form_element form_element_third' id='element_avia_1_2'><label for=\"avia_1_2\">Name <abbr class=\"required\" title=\"required\">*<\/abbr><\/label> <input name=\"avia_1_2\" class=\"text_input is_empty\" type=\"text\" id=\"avia_1_2\" value=\"\"  placeholder='Name*'\/><\/p><p class='  form_element form_element_third av-last-visible-form-element' id='element_avia_2_2'><label for=\"avia_2_2\">E-Mail <abbr class=\"required\" title=\"required\">*<\/abbr><\/label> <input name=\"avia_2_2\" class=\"text_input is_email\" type=\"text\" id=\"avia_2_2\" value=\"\"  placeholder='E-Mail*'\/><\/p><p class=\"hidden\"><input type=\"text\" name=\"avia_3_2\" class=\"hidden \" id=\"avia_3_2\" value=\"\" \/><\/p><p class=\"form_element form_element_third modified_width\"><input type=\"hidden\" value=\"1\" name=\"avia_generated_form2\" \/><input type=\"submit\" value=\"Subscribe\" class=\"button\"  data-sending-label=\"Sending\"\/><\/p><\/fieldset><\/form><div id=\"ajaxresponse_2\" class=\"ajaxresponse ajaxresponse_2 hidden\"><\/div><br \/>\n\n<style type=\"text\/css\" data-created_by=\"avia_inline_auto\" id=\"style-css-av-gld48-bde56fdf321b7ad780c7a2321e045f88\">\n#top .av_textblock_section.av-gld48-bde56fdf321b7ad780c7a2321e045f88 .avia_textblock{\ncolor:#cecece;\n}\n<\/style>\n<section  class='av_textblock_section av-gld48-bde56fdf321b7ad780c7a2321e045f88'  itemscope=\"itemscope\" itemtype=\"https:\/\/schema.org\/CreativeWork\" ><div class='avia_textblock av_inherit_color'  itemprop=\"text\" ><p style=\"text-align: center;\">We value your privacy. We never send you any spam or pass your information to 3rd parties.<\/p>\n<\/div><\/section><\/p><\/div>\n<style type=\"text\/css\" data-created_by=\"avia_inline_auto\" id=\"style-css-av-bugc8-74b121725037cce9d634dcb62620b804\">\n.flex_column.av-bugc8-74b121725037cce9d634dcb62620b804{\n-webkit-border-radius:0px 0px 0px 0px;\n-moz-border-radius:0px 0px 0px 0px;\nborder-radius:0px 0px 0px 0px;\npadding:0px 0px 0px 0px;\n}\n<\/style>\n<div class='flex_column av-bugc8-74b121725037cce9d634dcb62620b804 av_one_fifth  avia-builder-el-15  el_after_av_three_fifth  avia-builder-el-last  flex_column_div av-animated-generic fade-in av-zero-column-padding '     ><\/div>\n<\/div><\/div><\/div><!-- close content main div --><\/div><\/div><\/div><div id='after_section_2'  class='main_color av_default_container_wrap container_wrap sidebar_right'  ><div class='container av-section-cont-open' ><div class='template-page content  av-content-small alpha units'><div class='post-entry post-entry-type-page post-entry-632'><div class='entry-content-wrapper clearfix'><\/p>\n","protected":false},"excerpt":{"rendered":"","protected":false},"author":1,"featured_media":0,"parent":603,"menu_order":0,"comment_status":"closed","ping_status":"closed","template":"","meta":{"_joinchat":[],"footnotes":""},"class_list":["post-632","page","type-page","status-publish","hentry"],"_links":{"self":[{"href":"https:\/\/fundacesar.org\/index.php\/wp-json\/wp\/v2\/pages\/632","targetHints":{"allow":["GET"]}}],"collection":[{"href":"https:\/\/fundacesar.org\/index.php\/wp-json\/wp\/v2\/pages"}],"about":[{"href":"https:\/\/fundacesar.org\/index.php\/wp-json\/wp\/v2\/types\/page"}],"author":[{"embeddable":true,"href":"https:\/\/fundacesar.org\/index.php\/wp-json\/wp\/v2\/users\/1"}],"replies":[{"embeddable":true,"href":"https:\/\/fundacesar.org\/index.php\/wp-json\/wp\/v2\/comments?post=632"}],"version-history":[{"count":2,"href":"https:\/\/fundacesar.org\/index.php\/wp-json\/wp\/v2\/pages\/632\/revisions"}],"predecessor-version":[{"id":3345,"href":"https:\/\/fundacesar.org\/index.php\/wp-json\/wp\/v2\/pages\/632\/revisions\/3345"}],"up":[{"embeddable":true,"href":"https:\/\/fundacesar.org\/index.php\/wp-json\/wp\/v2\/pages\/603"}],"wp:attachment":[{"href":"https:\/\/fundacesar.org\/index.php\/wp-json\/wp\/v2\/media?parent=632"}],"curies":[{"name":"wp","href":"https:\/\/api.w.org\/{rel}","templated":true}]}}